{"id":116,"date":"2017-10-04T15:53:15","date_gmt":"2017-10-04T13:53:15","guid":{"rendered":"https:\/\/ortnerboote.wordpress.com\/?page_id=116"},"modified":"2017-11-06T10:46:56","modified_gmt":"2017-11-06T10:46:56","slug":"winterlager","status":"publish","type":"page","link":"https:\/\/www.ortner-boote.com\/?page_id=116","title":{"rendered":"Winterlager\/Transport"},"content":{"rendered":"<p><img loading=\"lazy\" decoding=\"async\" class=\"alignnone size-full wp-image-751\" src=\"http:\/\/ortner-boote.com\/wp-content\/uploads\/2017\/10\/Transport.jpeg\" alt=\"\" width=\"1114\" height=\"370\" srcset=\"https:\/\/www.ortner-boote.com\/wp-content\/uploads\/2017\/10\/Transport.jpeg 1114w, https:\/\/www.ortner-boote.com\/wp-content\/uploads\/2017\/10\/Transport-300x100.jpeg 300w, https:\/\/www.ortner-boote.com\/wp-content\/uploads\/2017\/10\/Transport-768x255.jpeg 768w, https:\/\/www.ortner-boote.com\/wp-content\/uploads\/2017\/10\/Transport-1024x340.jpeg 1024w\" sizes=\"auto, (max-width: 706px) 89vw, (max-width: 767px) 82vw, 740px\" \/><\/p>\n<p style=\"text-align: justify;\"><em><strong>Wir unterst\u00fctzen Sie bei Transport und Lagerung!<\/strong><\/em><\/p>\n<p style=\"text-align: justify;\">Um Ihr Boot sicher \u00fcber den Winter zu bringen, k\u00f6nnen wir Ihnen unsere R\u00e4umlichkeiten zur Verf\u00fcgung stellen.<\/p>\n<p style=\"text-align: justify;\">Winterlager umfasst nicht nur die Einlagerung an sich, sondern ist auf Wunsch mit Motorservice, Batterieservice, Au\u00dfenreinigung und Austrocknung im Herbst verbunden. Selbstverst\u00e4ndlich holen wir Ihr Boot an Ihrem Liegeplatz ab, besorgen das Herausnehmen\/Slippen\/Kranen aus dem Wasser und den Transport zu unserer Firma bzw. im Fr\u00fchjahr bringen wir Ihnen das Boot vollst\u00e4ndig serviciert und gereinigt und voll getankt an Ihren Liegeplatz.<\/p>\n<p><img loading=\"lazy\" decoding=\"async\" class=\"alignnone size-full wp-image-748\" src=\"http:\/\/ortner-boote.com\/wp-content\/uploads\/2017\/10\/lager.jpeg\" alt=\"\" width=\"1096\" height=\"397\" srcset=\"https:\/\/www.ortner-boote.com\/wp-content\/uploads\/2017\/10\/lager.jpeg 1096w, https:\/\/www.ortner-boote.com\/wp-content\/uploads\/2017\/10\/lager-300x109.jpeg 300w, https:\/\/www.ortner-boote.com\/wp-content\/uploads\/2017\/10\/lager-768x278.jpeg 768w, https:\/\/www.ortner-boote.com\/wp-content\/uploads\/2017\/10\/lager-1024x371.jpeg 1024w\" sizes=\"auto, (max-width: 706px) 89vw, (max-width: 767px) 82vw, 740px\" \/><\/p>\n<p>&nbsp;<\/p>\n<p style=\"text-align: justify;\">Winterlagerpreise sind nach Bootsl\u00e4ngen gestaffelt und auf Anfrage erh\u00e4ltlich. Bei Interesse f\u00fcllen Sie bitte folgendes Kontaktformular aus:<\/p>\n\n<div class=\"wpcf7 no-js\" id=\"wpcf7-f680-o1\" lang=\"de-DE\" dir=\"ltr\">\n<div class=\"screen-reader-response\"><p role=\"status\" aria-live=\"polite\" aria-atomic=\"true\"><\/p> <ul><\/ul><\/div>\n<form action=\"\/index.php?rest_route=%2Fwp%2Fv2%2Fpages%2F116#wpcf7-f680-o1\" method=\"post\" class=\"wpcf7-form init\" aria-label=\"Kontaktformular\" novalidate=\"novalidate\" data-status=\"init\">\n<div style=\"display: none;\">\n<input type=\"hidden\" name=\"_wpcf7\" value=\"680\" \/>\n<input type=\"hidden\" name=\"_wpcf7_version\" value=\"5.9.8\" \/>\n<input type=\"hidden\" name=\"_wpcf7_locale\" value=\"de_DE\" \/>\n<input type=\"hidden\" name=\"_wpcf7_unit_tag\" value=\"wpcf7-f680-o1\" \/>\n<input type=\"hidden\" name=\"_wpcf7_container_post\" value=\"0\" \/>\n<input type=\"hidden\" name=\"_wpcf7_posted_data_hash\" value=\"\" \/>\n<\/div>\n<p><label> Ihr Name (Pflichtfeld)<br \/>\n<span class=\"wpcf7-form-control-wrap\" data-name=\"your-name\"><input size=\"40\" maxlength=\"400\" class=\"wpcf7-form-control wpcf7-text wpcf7-validates-as-required\" aria-required=\"true\" aria-invalid=\"false\" value=\"\" type=\"text\" name=\"your-name\" \/><\/span> <\/label>\n<\/p>\n<p><label> Ihre E-Mail-Adresse (Pflichtfeld)<br \/>\n<span class=\"wpcf7-form-control-wrap\" data-name=\"your-email\"><input size=\"40\" maxlength=\"400\" class=\"wpcf7-form-control wpcf7-email wpcf7-validates-as-required wpcf7-text wpcf7-validates-as-email\" aria-required=\"true\" aria-invalid=\"false\" value=\"\" type=\"email\" name=\"your-email\" \/><\/span> <\/label>\n<\/p>\n<p><label> Betreff<br \/>\n<span class=\"wpcf7-form-control-wrap\" data-name=\"your-subject\"><input size=\"40\" maxlength=\"400\" class=\"wpcf7-form-control wpcf7-text\" aria-invalid=\"false\" value=\"\" type=\"text\" name=\"your-subject\" \/><\/span> <\/label>\n<\/p>\n<p><label> Ihre Nachricht<br \/>\n<span class=\"wpcf7-form-control-wrap\" data-name=\"your-message\"><textarea cols=\"40\" rows=\"10\" maxlength=\"2000\" class=\"wpcf7-form-control wpcf7-textarea\" aria-invalid=\"false\" name=\"your-message\"><\/textarea><\/span> <\/label>\n<\/p>\n<p><input class=\"wpcf7-form-control wpcf7-submit has-spinner\" type=\"submit\" value=\"Senden\" \/>\n<\/p><div class=\"wpcf7-response-output\" aria-hidden=\"true\"><\/div>\n<\/form>\n<\/div>\n\n","protected":false},"excerpt":{"rendered":"<p>Wir unterst\u00fctzen Sie bei Transport und Lagerung! Um Ihr Boot sicher \u00fcber den Winter zu bringen, k\u00f6nnen wir Ihnen unsere R\u00e4umlichkeiten zur Verf\u00fcgung stellen. Winterlager umfasst nicht nur die Einlagerung an sich, sondern ist auf Wunsch mit Motorservice, Batterieservice, Au\u00dfenreinigung und Austrocknung im Herbst verbunden. Selbstverst\u00e4ndlich holen wir Ihr Boot an Ihrem Liegeplatz ab, besorgen &hellip; <\/p>\n<p class=\"link-more\"><a href=\"https:\/\/www.ortner-boote.com\/?page_id=116\" class=\"more-link\"><span class=\"screen-reader-text\">\u201eWinterlager\/Transport\u201c<\/span> weiterlesen<\/a><\/p>\n","protected":false},"author":1,"featured_media":0,"parent":0,"menu_order":0,"comment_status":"closed","ping_status":"closed","template":"","meta":{"footnotes":""},"class_list":["post-116","page","type-page","status-publish","hentry"],"_links":{"self":[{"href":"https:\/\/www.ortner-boote.com\/index.php?rest_route=\/wp\/v2\/pages\/116","targetHints":{"allow":["GET"]}}],"collection":[{"href":"https:\/\/www.ortner-boote.com\/index.php?rest_route=\/wp\/v2\/pages"}],"about":[{"href":"https:\/\/www.ortner-boote.com\/index.php?rest_route=\/wp\/v2\/types\/page"}],"author":[{"embeddable":true,"href":"https:\/\/www.ortner-boote.com\/index.php?rest_route=\/wp\/v2\/users\/1"}],"replies":[{"embeddable":true,"href":"https:\/\/www.ortner-boote.com\/index.php?rest_route=%2Fwp%2Fv2%2Fcomments&post=116"}],"version-history":[{"count":5,"href":"https:\/\/www.ortner-boote.com\/index.php?rest_route=\/wp\/v2\/pages\/116\/revisions"}],"predecessor-version":[{"id":754,"href":"https:\/\/www.ortner-boote.com\/index.php?rest_route=\/wp\/v2\/pages\/116\/revisions\/754"}],"wp:attachment":[{"href":"https:\/\/www.ortner-boote.com\/index.php?rest_route=%2Fwp%2Fv2%2Fmedia&parent=116"}],"curies":[{"name":"wp","href":"https:\/\/api.w.org\/{rel}","templated":true}]}}