{"id":147,"date":"2017-10-04T16:22:18","date_gmt":"2017-10-04T14:22:18","guid":{"rendered":"https:\/\/ortnerboote.wordpress.com\/?page_id=147"},"modified":"2017-11-07T13:17:00","modified_gmt":"2017-11-07T13:17:00","slug":"sportgeraete","status":"publish","type":"page","link":"https:\/\/www.ortner-boote.com\/?page_id=147","title":{"rendered":"Jobe-Shop"},"content":{"rendered":"<p><img loading=\"lazy\" decoding=\"async\" class=\"alignnone size-full wp-image-706\" src=\"http:\/\/ortner-boote.com\/wp-content\/uploads\/2017\/10\/jobe_logo-1.jpg\" alt=\"\" width=\"3719\" height=\"823\" srcset=\"https:\/\/www.ortner-boote.com\/wp-content\/uploads\/2017\/10\/jobe_logo-1.jpg 3719w, https:\/\/www.ortner-boote.com\/wp-content\/uploads\/2017\/10\/jobe_logo-1-300x66.jpg 300w, https:\/\/www.ortner-boote.com\/wp-content\/uploads\/2017\/10\/jobe_logo-1-768x170.jpg 768w, https:\/\/www.ortner-boote.com\/wp-content\/uploads\/2017\/10\/jobe_logo-1-1024x227.jpg 1024w\" sizes=\"auto, (max-width: 706px) 89vw, (max-width: 767px) 82vw, 740px\" \/><\/p>\n<p>JOBE ist einer der gr\u00f6\u00dften Hersteller f\u00fcr Wassersportger\u00e4te und und Fun-Artikel.<\/p>\n<p>Sie bieten ein breites Sortiment an<\/p>\n<ul>\n<li>Wasserskis<\/li>\n<li>Wakeboards<\/li>\n<li>Stand-Up-Paddles<\/li>\n<li>Schwimmwesten<\/li>\n<li>Neoprenanz\u00fcge<\/li>\n<li>Fun-Schleppger\u00e4te (Bananen, Reifen, Couches&#8230;)<\/li>\n<\/ul>\n<p>Wir haben einen eigenen Schaumraum mit einer gro\u00dfen Vielfalt an Artikeln von JOBE und bestimmt ist auch f\u00fcr Sie das Richtige dabei.<\/p>\n<p><img loading=\"lazy\" decoding=\"async\" class=\"alignnone size-full wp-image-831\" src=\"http:\/\/ortner-boote.com\/wp-content\/uploads\/2017\/10\/jobe.jpeg\" alt=\"\" width=\"1265\" height=\"711\" srcset=\"https:\/\/www.ortner-boote.com\/wp-content\/uploads\/2017\/10\/jobe.jpeg 1265w, https:\/\/www.ortner-boote.com\/wp-content\/uploads\/2017\/10\/jobe-300x169.jpeg 300w, https:\/\/www.ortner-boote.com\/wp-content\/uploads\/2017\/10\/jobe-768x432.jpeg 768w, https:\/\/www.ortner-boote.com\/wp-content\/uploads\/2017\/10\/jobe-1024x576.jpeg 1024w\" sizes=\"auto, (max-width: 706px) 89vw, (max-width: 767px) 82vw, 740px\" \/><\/p>\n<p>Alle Produkte finden Sie im Online-Katalog auf :<\/p>\n<p><a href=\"https:\/\/www.jobesports.com\/du\/\" target=\"_blank\" rel=\"noopener\">www.jobesports.com<\/a><\/p>\n<p>F\u00fcr Informationen und Anfragen bitten wir Sie, folgendes Kontaktformular auszuf\u00fcllen:<\/p>\n\n<div class=\"wpcf7 no-js\" id=\"wpcf7-f718-o1\" lang=\"de-DE\" dir=\"ltr\">\n<div class=\"screen-reader-response\"><p role=\"status\" aria-live=\"polite\" aria-atomic=\"true\"><\/p> <ul><\/ul><\/div>\n<form action=\"\/index.php?rest_route=%2Fwp%2Fv2%2Fpages%2F147#wpcf7-f718-o1\" method=\"post\" class=\"wpcf7-form init\" aria-label=\"Kontaktformular\" novalidate=\"novalidate\" data-status=\"init\">\n<div style=\"display: none;\">\n<input type=\"hidden\" name=\"_wpcf7\" value=\"718\" \/>\n<input type=\"hidden\" name=\"_wpcf7_version\" value=\"5.9.8\" \/>\n<input type=\"hidden\" name=\"_wpcf7_locale\" value=\"de_DE\" \/>\n<input type=\"hidden\" name=\"_wpcf7_unit_tag\" value=\"wpcf7-f718-o1\" \/>\n<input type=\"hidden\" name=\"_wpcf7_container_post\" value=\"0\" \/>\n<input type=\"hidden\" name=\"_wpcf7_posted_data_hash\" value=\"\" \/>\n<\/div>\n<p><label> Ihr Name (Pflichtfeld)<br \/>\n<span class=\"wpcf7-form-control-wrap\" data-name=\"your-name\"><input size=\"40\" maxlength=\"400\" class=\"wpcf7-form-control wpcf7-text wpcf7-validates-as-required\" aria-required=\"true\" aria-invalid=\"false\" value=\"\" type=\"text\" name=\"your-name\" \/><\/span> <\/label>\n<\/p>\n<p><label> Ihre E-Mail-Adresse (Pflichtfeld)<br \/>\n<span class=\"wpcf7-form-control-wrap\" data-name=\"your-email\"><input size=\"40\" maxlength=\"400\" class=\"wpcf7-form-control wpcf7-email wpcf7-validates-as-required wpcf7-text wpcf7-validates-as-email\" aria-required=\"true\" aria-invalid=\"false\" value=\"\" type=\"email\" name=\"your-email\" \/><\/span> <\/label>\n<\/p>\n<p><label> Betreff<br \/>\n<span class=\"wpcf7-form-control-wrap\" data-name=\"your-subject\"><input size=\"40\" maxlength=\"400\" class=\"wpcf7-form-control wpcf7-text\" aria-invalid=\"false\" value=\"\" type=\"text\" name=\"your-subject\" \/><\/span> <\/label>\n<\/p>\n<p><label> Ihre Nachricht<br \/>\n<span class=\"wpcf7-form-control-wrap\" data-name=\"your-message\"><textarea cols=\"40\" rows=\"10\" maxlength=\"2000\" class=\"wpcf7-form-control wpcf7-textarea\" aria-invalid=\"false\" name=\"your-message\"><\/textarea><\/span> <\/label>\n<\/p>\n<p><input class=\"wpcf7-form-control wpcf7-submit has-spinner\" type=\"submit\" value=\"Senden\" \/>\n<\/p><div class=\"wpcf7-response-output\" aria-hidden=\"true\"><\/div>\n<\/form>\n<\/div>\n\n","protected":false},"excerpt":{"rendered":"<p>JOBE ist einer der gr\u00f6\u00dften Hersteller f\u00fcr Wassersportger\u00e4te und und Fun-Artikel. Sie bieten ein breites Sortiment an Wasserskis Wakeboards Stand-Up-Paddles Schwimmwesten Neoprenanz\u00fcge Fun-Schleppger\u00e4te (Bananen, Reifen, Couches&#8230;) Wir haben einen eigenen Schaumraum mit einer gro\u00dfen Vielfalt an Artikeln von JOBE und bestimmt ist auch f\u00fcr Sie das Richtige dabei. Alle Produkte finden Sie im Online-Katalog auf &hellip; <\/p>\n<p class=\"link-more\"><a href=\"https:\/\/www.ortner-boote.com\/?page_id=147\" class=\"more-link\"><span class=\"screen-reader-text\">\u201eJobe-Shop\u201c<\/span> weiterlesen<\/a><\/p>\n","protected":false},"author":1,"featured_media":0,"parent":0,"menu_order":0,"comment_status":"closed","ping_status":"closed","template":"","meta":{"footnotes":""},"class_list":["post-147","page","type-page","status-publish","hentry"],"_links":{"self":[{"href":"https:\/\/www.ortner-boote.com\/index.php?rest_route=\/wp\/v2\/pages\/147","targetHints":{"allow":["GET"]}}],"collection":[{"href":"https:\/\/www.ortner-boote.com\/index.php?rest_route=\/wp\/v2\/pages"}],"about":[{"href":"https:\/\/www.ortner-boote.com\/index.php?rest_route=\/wp\/v2\/types\/page"}],"author":[{"embeddable":true,"href":"https:\/\/www.ortner-boote.com\/index.php?rest_route=\/wp\/v2\/users\/1"}],"replies":[{"embeddable":true,"href":"https:\/\/www.ortner-boote.com\/index.php?rest_route=%2Fwp%2Fv2%2Fcomments&post=147"}],"version-history":[{"count":6,"href":"https:\/\/www.ortner-boote.com\/index.php?rest_route=\/wp\/v2\/pages\/147\/revisions"}],"predecessor-version":[{"id":832,"href":"https:\/\/www.ortner-boote.com\/index.php?rest_route=\/wp\/v2\/pages\/147\/revisions\/832"}],"wp:attachment":[{"href":"https:\/\/www.ortner-boote.com\/index.php?rest_route=%2Fwp%2Fv2%2Fmedia&parent=147"}],"curies":[{"name":"wp","href":"https:\/\/api.w.org\/{rel}","templated":true}]}}