{"id":254,"date":"2017-10-06T10:11:31","date_gmt":"2017-10-06T08:11:31","guid":{"rendered":"https:\/\/ortnerboote.wordpress.com\/?page_id=254"},"modified":"2017-11-14T14:27:07","modified_gmt":"2017-11-14T14:27:07","slug":"bootslifte","status":"publish","type":"page","link":"https:\/\/www.ortner-boote.com\/?page_id=254","title":{"rendered":"Bootslifte"},"content":{"rendered":"<p style=\"text-align: justify;\">Um dem eigenen Boot das Beste zu bieten, kommt man um einen Bootslift nicht herum.<\/p>\n<p style=\"text-align: justify;\">Wir sind Vertragspartner von SUNSTREAM &#8211; Boat Lifts. Diese z\u00e4hlen zu den\u00a0 meistverkauften Bootshebeanlagen weltweit. Durch eine Fernbedienung wird die \u00e4u\u00dferst leise Hydraulik aktiviert, die das Boot in wenigen Sekunden aus dem Wasser hebt. SUNSTREAM verwendet ausschlie\u00dflich Hydraulikzylinder aus rostfreien Edelstahl, die vollkommen resistent gegen Seewasser sind. Die gesamte Konstruktion besteht aus Aluminium und rostfreiem Edelstahl.<\/p>\n<p style=\"text-align: justify;\">Wir beraten Sie gerne beim Kauf und k\u00fcmmern uns um den Einbau und die Inbetriebnahme Ihres Liftes.<\/p>\n<p style=\"text-align: justify;\"><img loading=\"lazy\" decoding=\"async\" class=\"alignnone size-full wp-image-269\" src=\"https:\/\/ortnerboote.files.wordpress.com\/2017\/10\/lift1.jpg\" alt=\"lift1\" width=\"1000\" height=\"750\" \/><img loading=\"lazy\" decoding=\"async\" class=\"alignnone size-full wp-image-270\" src=\"https:\/\/ortnerboote.files.wordpress.com\/2017\/10\/lift2.jpg\" alt=\"lift2\" width=\"1000\" height=\"750\" \/><\/p>\n<h4 style=\"text-align: justify;\"><em><strong>AUTOMATISCHE BOOTSPLANE<\/strong><\/em><\/h4>\n<p style=\"text-align: justify;\">Um den entspannten Tag am See stressfrei zu beenden bieten wir Ihnen ein Highlight!<\/p>\n<p style=\"text-align: justify;\">Die AUTOMATISCHE BOOTSPLANE von ORTNER BOOTE. Per Knopfdruck plant sie Ihr Boot in nur wenigen Sekunden zu.<\/p>\n<p style=\"text-align: justify;\">Sie wird bei uns im Haus gefertigt und direkt bei Ihnen am Steg installiert, dies ausschlie\u00dflich in Kombination mit einem Lift von SUNSTREAM.<\/p>\n<p style=\"text-align: justify;\">Ein Video sehen Sie hier:<\/p>\n<div class=\"BorlabsCookie _brlbs-cb-youtube\">\n<div class=\"_brlbs-content-blocker\">\n<div class=\"_brlbs-embed _brlbs-video-youtube\"> <img decoding=\"async\" class=\"_brlbs-thumbnail\" src=\"https:\/\/www.ortner-boote.com\/wp-content\/plugins\/borlabs-cookie\/assets\/images\/cb-no-thumbnail.png\" alt=\"YouTube\"> <\/p>\n<div class=\"_brlbs-caption\">\n<p>Mit dem Laden des Videos akzeptieren Sie die Datenschutzerkl\u00e4rung von YouTube.<br \/><a href=\"https:\/\/policies.google.com\/privacy\" target=\"_blank\" rel=\"nofollow noopener noreferrer\">Mehr erfahren<\/a><\/p>\n<p><a class=\"_brlbs-btn _brlbs-icon-play-white\" href=\"#\" data-borlabs-cookie-unblock role=\"button\">Video laden<\/a><\/p>\n<p><label><input type=\"checkbox\" name=\"unblockAll\" value=\"1\" checked> <small>YouTube immer entsperren<\/small><\/label><\/p>\n<\/p><\/div>\n<\/p><\/div>\n<\/p><\/div>\n<div class=\"borlabs-hide\" data-borlabs-cookie-type=\"content-blocker\" data-borlabs-cookie-id=\"youtube\"><script type=\"text\/template\">PGlmcmFtZSB0aXRsZT0iT3J0bmVyIEJvb3RlIFZpbGxhY2ggQXV0b21hdGlzY2hlIEJvb3RzcGxhbmUiIHdpZHRoPSI1MjUiIGhlaWdodD0iMjk1IiBzcmM9Imh0dHBzOi8vd3d3LnlvdXR1YmUtbm9jb29raWUuY29tL2VtYmVkLzc4eElBUmdPbk9vP2ZlYXR1cmU9b2VtYmVkIiBmcmFtZWJvcmRlcj0iMCIgYWxsb3c9ImFjY2VsZXJvbWV0ZXI7IGF1dG9wbGF5OyBjbGlwYm9hcmQtd3JpdGU7IGVuY3J5cHRlZC1tZWRpYTsgZ3lyb3Njb3BlOyBwaWN0dXJlLWluLXBpY3R1cmU7IHdlYi1zaGFyZSIgcmVmZXJyZXJwb2xpY3k9InN0cmljdC1vcmlnaW4td2hlbi1jcm9zcy1vcmlnaW4iIGFsbG93ZnVsbHNjcmVlbj48L2lmcmFtZT4=<\/script><\/div>\n<\/div>\n<p style=\"text-align: justify;\">Bei Interesse und f\u00fcr Informationen, f\u00fcllen Sie bitte das folgende Kontaktformular aus:<\/p>\n\n<div class=\"wpcf7 no-js\" id=\"wpcf7-f718-o1\" lang=\"de-DE\" dir=\"ltr\">\n<div class=\"screen-reader-response\"><p role=\"status\" aria-live=\"polite\" aria-atomic=\"true\"><\/p> <ul><\/ul><\/div>\n<form action=\"\/index.php?rest_route=%2Fwp%2Fv2%2Fpages%2F254#wpcf7-f718-o1\" method=\"post\" class=\"wpcf7-form init\" aria-label=\"Kontaktformular\" novalidate=\"novalidate\" data-status=\"init\">\n<div style=\"display: none;\">\n<input type=\"hidden\" name=\"_wpcf7\" value=\"718\" \/>\n<input type=\"hidden\" name=\"_wpcf7_version\" value=\"5.9.8\" \/>\n<input type=\"hidden\" name=\"_wpcf7_locale\" value=\"de_DE\" \/>\n<input type=\"hidden\" name=\"_wpcf7_unit_tag\" value=\"wpcf7-f718-o1\" \/>\n<input type=\"hidden\" name=\"_wpcf7_container_post\" value=\"0\" \/>\n<input type=\"hidden\" name=\"_wpcf7_posted_data_hash\" value=\"\" \/>\n<\/div>\n<p><label> Ihr Name (Pflichtfeld)<br \/>\n<span class=\"wpcf7-form-control-wrap\" data-name=\"your-name\"><input size=\"40\" maxlength=\"400\" class=\"wpcf7-form-control wpcf7-text wpcf7-validates-as-required\" aria-required=\"true\" aria-invalid=\"false\" value=\"\" type=\"text\" name=\"your-name\" \/><\/span> <\/label>\n<\/p>\n<p><label> Ihre E-Mail-Adresse (Pflichtfeld)<br \/>\n<span class=\"wpcf7-form-control-wrap\" data-name=\"your-email\"><input size=\"40\" maxlength=\"400\" class=\"wpcf7-form-control wpcf7-email wpcf7-validates-as-required wpcf7-text wpcf7-validates-as-email\" aria-required=\"true\" aria-invalid=\"false\" value=\"\" type=\"email\" name=\"your-email\" \/><\/span> <\/label>\n<\/p>\n<p><label> Betreff<br \/>\n<span class=\"wpcf7-form-control-wrap\" data-name=\"your-subject\"><input size=\"40\" maxlength=\"400\" class=\"wpcf7-form-control wpcf7-text\" aria-invalid=\"false\" value=\"\" type=\"text\" name=\"your-subject\" \/><\/span> <\/label>\n<\/p>\n<p><label> Ihre Nachricht<br \/>\n<span class=\"wpcf7-form-control-wrap\" data-name=\"your-message\"><textarea cols=\"40\" rows=\"10\" maxlength=\"2000\" class=\"wpcf7-form-control wpcf7-textarea\" aria-invalid=\"false\" name=\"your-message\"><\/textarea><\/span> <\/label>\n<\/p>\n<p><input class=\"wpcf7-form-control wpcf7-submit has-spinner\" type=\"submit\" value=\"Senden\" \/>\n<\/p><div class=\"wpcf7-response-output\" aria-hidden=\"true\"><\/div>\n<\/form>\n<\/div>\n\n","protected":false},"excerpt":{"rendered":"<p>Um dem eigenen Boot das Beste zu bieten, kommt man um einen Bootslift nicht herum. Wir sind Vertragspartner von SUNSTREAM &#8211; Boat Lifts. Diese z\u00e4hlen zu den\u00a0 meistverkauften Bootshebeanlagen weltweit. Durch eine Fernbedienung wird die \u00e4u\u00dferst leise Hydraulik aktiviert, die das Boot in wenigen Sekunden aus dem Wasser hebt. SUNSTREAM verwendet ausschlie\u00dflich Hydraulikzylinder aus rostfreien &hellip; <\/p>\n<p class=\"link-more\"><a href=\"https:\/\/www.ortner-boote.com\/?page_id=254\" class=\"more-link\"><span class=\"screen-reader-text\">\u201eBootslifte\u201c<\/span> weiterlesen<\/a><\/p>\n","protected":false},"author":1,"featured_media":0,"parent":0,"menu_order":0,"comment_status":"closed","ping_status":"closed","template":"","meta":{"footnotes":""},"class_list":["post-254","page","type-page","status-publish","hentry"],"_links":{"self":[{"href":"https:\/\/www.ortner-boote.com\/index.php?rest_route=\/wp\/v2\/pages\/254","targetHints":{"allow":["GET"]}}],"collection":[{"href":"https:\/\/www.ortner-boote.com\/index.php?rest_route=\/wp\/v2\/pages"}],"about":[{"href":"https:\/\/www.ortner-boote.com\/index.php?rest_route=\/wp\/v2\/types\/page"}],"author":[{"embeddable":true,"href":"https:\/\/www.ortner-boote.com\/index.php?rest_route=\/wp\/v2\/users\/1"}],"replies":[{"embeddable":true,"href":"https:\/\/www.ortner-boote.com\/index.php?rest_route=%2Fwp%2Fv2%2Fcomments&post=254"}],"version-history":[{"count":5,"href":"https:\/\/www.ortner-boote.com\/index.php?rest_route=\/wp\/v2\/pages\/254\/revisions"}],"predecessor-version":[{"id":848,"href":"https:\/\/www.ortner-boote.com\/index.php?rest_route=\/wp\/v2\/pages\/254\/revisions\/848"}],"wp:attachment":[{"href":"https:\/\/www.ortner-boote.com\/index.php?rest_route=%2Fwp%2Fv2%2Fmedia&parent=254"}],"curies":[{"name":"wp","href":"https:\/\/api.w.org\/{rel}","templated":true}]}}