{"id":293,"date":"2017-10-06T11:32:38","date_gmt":"2017-10-06T09:32:38","guid":{"rendered":"https:\/\/ortnerboote.wordpress.com\/?page_id=293"},"modified":"2017-11-07T14:08:32","modified_gmt":"2017-11-07T14:08:32","slug":"quicksiler-terhi","status":"publish","type":"page","link":"https:\/\/www.ortner-boote.com\/?page_id=293","title":{"rendered":"QUICKSILVER \/ TERHI \/ MERCURY"},"content":{"rendered":"<p style=\"text-align: justify;\"><img loading=\"lazy\" decoding=\"async\" class=\"alignnone wp-image-333\" src=\"https:\/\/ortnerboote.files.wordpress.com\/2017\/10\/logo-quicksilver.png\" alt=\"logo-quicksilver\" width=\"321\" height=\"90\" \/><\/p>\n<p style=\"text-align: justify;\">Die Firma ORTNER BOOTE GMBH bietet Ihnen die M\u00f6glichkeit, Quicksilver Boote vor Ort anzusehen. Sie k\u00f6nnen das von Ihnen in die engere Auswahl gelangte Boot gr\u00fcndlich in Augenschein nehmen und ein Gef\u00fchl f\u00fcr das jeweilige Modell bekommen.<\/p>\n<p style=\"text-align: justify;\"><img loading=\"lazy\" decoding=\"async\" class=\"alignnone size-full wp-image-334\" src=\"https:\/\/ortnerboote.files.wordpress.com\/2017\/10\/675sundeck.jpg\" alt=\"675sundeck\" width=\"451\" height=\"301\" \/><\/p>\n<p style=\"text-align: justify;\">Quicksilverboote werden unter der Leitung von Brunswick Marine in EMEA entwickelt und in Werften in Polen hergestellt.<\/p>\n<p style=\"text-align: justify;\">Versp\u00fcren Sie Lust auf Fischen, Wassersport, Fahrten mit Freunden oder Familie?<\/p>\n<p style=\"text-align: justify;\">Was auch immer Sie vorhaben, mit 24 Modellen in 5 Produktfamilien gibt es sicher ein Quicksilver Boot, das Ihre W\u00fcnsche erf\u00fcllt.<\/p>\n<p style=\"text-align: justify;\">So sind zum Beispiel die Quicksilver Commander oder Cruiser Modelle durch den Wasserski-Mast ideal f\u00fcr Wassersport geeignet, w\u00e4hrend die Quicksilver Fish oder Pilothouse Modelle mit der entsprechenden Ausr\u00fcstung den Anspr\u00fcchen begeisterter Angler entgegenkommen.<\/p>\n<p><img loading=\"lazy\" decoding=\"async\" class=\"alignnone size-full wp-image-338\" src=\"https:\/\/ortnerboote.files.wordpress.com\/2017\/10\/ph905.jpg\" alt=\"ph905\" width=\"451\" height=\"301\" \/><\/p>\n<p style=\"text-align: justify;\">Bei den Quicksilver WalkAround und Weekend Modellen steht ganz einfach der Rundum-Komfort im Vordergrund.<\/p>\n<p style=\"text-align: justify;\">Zur umfangreichen Basis-Ausstattung geh\u00f6ren bei fast allen Modellen Badeleiter, Angelrutenhalter, Staur\u00e4ume, Ankerkasten und Hydrauliklenkung f\u00fcr m\u00fcheloses, schnelles und dennoch sicheres Fahren. Jedes Quicksilver Boot verf\u00fcgt \u00fcber eine dreij\u00e4hrige Garantie auf die Bootsrumpfstruktur.<\/p>\n<p style=\"text-align: justify;\">Mit dem riesigen Angebot an robusten und leistungsstarken Mercury oder Mariner Au\u00dfenbordmotoren und auch Mercury MerCruiser Benzin oder Cummins MerCruiser Diesel Innenbord- und Z-Antriebsmotoren k\u00f6nnen Sie den optimalen Motor w\u00e4hlen, der Ihnen die meiste Freude an Ihrem Boot bieten kann.<\/p>\n<p><img loading=\"lazy\" decoding=\"async\" class=\"alignnone size-full wp-image-336\" src=\"https:\/\/ortnerboote.files.wordpress.com\/2017\/10\/homepage_themes_quicksilver_play_2-1.jpg\" alt=\"homepage_themes_quicksilver_play_2-1\" width=\"1100\" height=\"550\" \/><\/p>\n<p style=\"text-align: justify;\">Was auch immer Ihre Wahl ist, Sie k\u00f6nnen in jedem Fall auf die Unterst\u00fctzung durch das umfangreiche nationale und internationale Kundendienst- und H\u00e4ndlernetz vertrauen \u2013 und nat\u00fcrlich auf den gr\u00f6\u00dften Namen in Sachen Freizeit und Spa\u00df auf dem Wasser \u2013 Mercury Marine.<\/p>\n<p>Weitere Infos:<br \/>\n<strong><a href=\"https:\/\/www.quicksilver-boats.com\/at\/de\/\" target=\"_blank\" rel=\"noopener\">www.quicksilver-boats.com<\/a><\/strong><\/p>\n<p><img loading=\"lazy\" decoding=\"async\" class=\"alignnone wp-image-340\" src=\"https:\/\/ortnerboote.files.wordpress.com\/2017\/10\/terhi-logo.jpg\" alt=\"terhi-logo.jpg\" width=\"141\" height=\"65\" \/><\/p>\n<p style=\"text-align: justify;\">Terhi bietet Ihnen eine tolle Auswahl an Kleinbooten. Diese eignen sich ideal zum Angeln, Rudern und der Mobilit\u00e4t auf kleineren Gew\u00e4ssern. Je nach Bedarf kann ein Elektromotor bzw. ein Steuerstand montiert werden.<\/p>\n<p><img loading=\"lazy\" decoding=\"async\" class=\"size-full wp-image-812 alignleft\" src=\"http:\/\/ortner-boote.com\/wp-content\/uploads\/2017\/10\/terhi.jpeg\" alt=\"\" width=\"361\" height=\"180\" srcset=\"https:\/\/www.ortner-boote.com\/wp-content\/uploads\/2017\/10\/terhi.jpeg 361w, https:\/\/www.ortner-boote.com\/wp-content\/uploads\/2017\/10\/terhi-300x150.jpeg 300w\" sizes=\"auto, (max-width: 361px) 100vw, 361px\" \/><\/p>\n<p>Weitere Infos:<br \/>\n<strong><a href=\"http:\/\/www.terhi-boats.de\/terhi-boats.html\" target=\"_blank\" rel=\"noopener\">www.terhi-boats.de<\/a><\/strong><\/p>\n<h4><\/h4>\n<h4>Mercury<\/h4>\n<p><img loading=\"lazy\" decoding=\"async\" class=\"alignnone size-full wp-image-289\" src=\"https:\/\/ortnerboote.files.wordpress.com\/2017\/10\/mercury.png\" alt=\"mercury\" width=\"224\" height=\"44\" \/><\/p>\n<p>Mercury bietet Ihnen eine Auswahl an Schlauchbooten, die perfekt f\u00fcr alle Situationen geeignet sind. Diese Allzweckboote sind leicht, einfach zu transportieren und bieten das angenehme Gef\u00fchl eines luftgef\u00fcllten Bodens \u2013 weich genug, um die Knie zu schonen, hart genug, um bis zu f\u00fcnf Personen Platz zu bieten. Diese man\u00f6vrierbaren Boote weisen ein ger\u00e4umiges Inneres auf und sind ideal f\u00fcr kurze Ausfl\u00fcge an der K\u00fcste oder zu\u00a0Inseln.<\/p>\n<p><img loading=\"lazy\" decoding=\"async\" class=\"alignnone size-full wp-image-378\" src=\"https:\/\/ortnerboote.files.wordpress.com\/2017\/10\/schlauchboot.jpeg\" alt=\"schlauchboot.jpeg\" width=\"1604\" height=\"409\" srcset=\"https:\/\/www.ortner-boote.com\/wp-content\/uploads\/2017\/10\/schlauchboot.jpeg 1604w, https:\/\/www.ortner-boote.com\/wp-content\/uploads\/2017\/10\/schlauchboot-300x76.jpeg 300w, https:\/\/www.ortner-boote.com\/wp-content\/uploads\/2017\/10\/schlauchboot-768x196.jpeg 768w, https:\/\/www.ortner-boote.com\/wp-content\/uploads\/2017\/10\/schlauchboot-1024x261.jpeg 1024w\" sizes=\"auto, (max-width: 706px) 89vw, (max-width: 767px) 82vw, 740px\" \/><\/p>\n<p><img loading=\"lazy\" decoding=\"async\" class=\"alignnone size-full wp-image-376\" src=\"https:\/\/ortnerboote.files.wordpress.com\/2017\/10\/airdeck-320_15hp_p11_img2_large_mg_5519-png__750x424_q85_autocrop_crop-smart_replace_alpha-fff_subsampling-2_upscale.jpg\" alt=\"airdeck-320_15hp_p11_img2_large_mg_5519.png__750x424_q85_autocrop_crop-smart_replace_alpha-#fff_subsampling-2_upscale.jpg\" width=\"750\" height=\"424\" srcset=\"https:\/\/www.ortner-boote.com\/wp-content\/uploads\/2017\/10\/airdeck-320_15hp_p11_img2_large_mg_5519-png__750x424_q85_autocrop_crop-smart_replace_alpha-fff_subsampling-2_upscale.jpg 750w, https:\/\/www.ortner-boote.com\/wp-content\/uploads\/2017\/10\/airdeck-320_15hp_p11_img2_large_mg_5519-png__750x424_q85_autocrop_crop-smart_replace_alpha-fff_subsampling-2_upscale-300x170.jpg 300w\" sizes=\"auto, (max-width: 706px) 89vw, (max-width: 767px) 82vw, 740px\" \/><\/p>\n<p>Weitere Infos:<br \/>\n<strong><a href=\"https:\/\/www.mercurymarine.com\/de\/europe\/inflatables\/soft-bottom\/?utm_campaign=Region+Redirection&amp;utm_term=de&amp;utm_source=Overlay_IP%3Deurope&amp;utm_medium=de+\" target=\"_blank\" rel=\"noopener\">www.mercurymarine.com<\/a><\/strong><\/p>\n<p>Bei Interesse oder f\u00fcr n\u00e4here Informationen bitte folgendes Kontaktformular ausf\u00fcllen:<\/p>\n\n<div class=\"wpcf7 no-js\" id=\"wpcf7-f718-o1\" lang=\"de-DE\" dir=\"ltr\">\n<div class=\"screen-reader-response\"><p role=\"status\" aria-live=\"polite\" aria-atomic=\"true\"><\/p> <ul><\/ul><\/div>\n<form action=\"\/index.php?rest_route=%2Fwp%2Fv2%2Fpages%2F293#wpcf7-f718-o1\" method=\"post\" class=\"wpcf7-form init\" aria-label=\"Kontaktformular\" novalidate=\"novalidate\" data-status=\"init\">\n<div style=\"display: none;\">\n<input type=\"hidden\" name=\"_wpcf7\" value=\"718\" \/>\n<input type=\"hidden\" name=\"_wpcf7_version\" value=\"5.9.8\" \/>\n<input type=\"hidden\" name=\"_wpcf7_locale\" value=\"de_DE\" \/>\n<input type=\"hidden\" name=\"_wpcf7_unit_tag\" value=\"wpcf7-f718-o1\" \/>\n<input type=\"hidden\" name=\"_wpcf7_container_post\" value=\"0\" \/>\n<input type=\"hidden\" name=\"_wpcf7_posted_data_hash\" value=\"\" \/>\n<\/div>\n<p><label> Ihr Name (Pflichtfeld)<br \/>\n<span class=\"wpcf7-form-control-wrap\" data-name=\"your-name\"><input size=\"40\" maxlength=\"400\" class=\"wpcf7-form-control wpcf7-text wpcf7-validates-as-required\" aria-required=\"true\" aria-invalid=\"false\" value=\"\" type=\"text\" name=\"your-name\" \/><\/span> <\/label>\n<\/p>\n<p><label> Ihre E-Mail-Adresse (Pflichtfeld)<br \/>\n<span class=\"wpcf7-form-control-wrap\" data-name=\"your-email\"><input size=\"40\" maxlength=\"400\" class=\"wpcf7-form-control wpcf7-email wpcf7-validates-as-required wpcf7-text wpcf7-validates-as-email\" aria-required=\"true\" aria-invalid=\"false\" value=\"\" type=\"email\" name=\"your-email\" \/><\/span> <\/label>\n<\/p>\n<p><label> Betreff<br \/>\n<span class=\"wpcf7-form-control-wrap\" data-name=\"your-subject\"><input size=\"40\" maxlength=\"400\" class=\"wpcf7-form-control wpcf7-text\" aria-invalid=\"false\" value=\"\" type=\"text\" name=\"your-subject\" \/><\/span> <\/label>\n<\/p>\n<p><label> Ihre Nachricht<br \/>\n<span class=\"wpcf7-form-control-wrap\" data-name=\"your-message\"><textarea cols=\"40\" rows=\"10\" maxlength=\"2000\" class=\"wpcf7-form-control wpcf7-textarea\" aria-invalid=\"false\" name=\"your-message\"><\/textarea><\/span> <\/label>\n<\/p>\n<p><input class=\"wpcf7-form-control wpcf7-submit has-spinner\" type=\"submit\" value=\"Senden\" \/>\n<\/p><div class=\"wpcf7-response-output\" aria-hidden=\"true\"><\/div>\n<\/form>\n<\/div>\n\n","protected":false},"excerpt":{"rendered":"<p>Die Firma ORTNER BOOTE GMBH bietet Ihnen die M\u00f6glichkeit, Quicksilver Boote vor Ort anzusehen. Sie k\u00f6nnen das von Ihnen in die engere Auswahl gelangte Boot gr\u00fcndlich in Augenschein nehmen und ein Gef\u00fchl f\u00fcr das jeweilige Modell bekommen. Quicksilverboote werden unter der Leitung von Brunswick Marine in EMEA entwickelt und in Werften in Polen hergestellt. Versp\u00fcren &hellip; <\/p>\n<p class=\"link-more\"><a href=\"https:\/\/www.ortner-boote.com\/?page_id=293\" class=\"more-link\"><span class=\"screen-reader-text\">\u201eQUICKSILVER \/ TERHI \/ MERCURY\u201c<\/span> weiterlesen<\/a><\/p>\n","protected":false},"author":1,"featured_media":0,"parent":0,"menu_order":0,"comment_status":"closed","ping_status":"closed","template":"","meta":{"footnotes":""},"class_list":["post-293","page","type-page","status-publish","hentry"],"_links":{"self":[{"href":"https:\/\/www.ortner-boote.com\/index.php?rest_route=\/wp\/v2\/pages\/293","targetHints":{"allow":["GET"]}}],"collection":[{"href":"https:\/\/www.ortner-boote.com\/index.php?rest_route=\/wp\/v2\/pages"}],"about":[{"href":"https:\/\/www.ortner-boote.com\/index.php?rest_route=\/wp\/v2\/types\/page"}],"author":[{"embeddable":true,"href":"https:\/\/www.ortner-boote.com\/index.php?rest_route=\/wp\/v2\/users\/1"}],"replies":[{"embeddable":true,"href":"https:\/\/www.ortner-boote.com\/index.php?rest_route=%2Fwp%2Fv2%2Fcomments&post=293"}],"version-history":[{"count":8,"href":"https:\/\/www.ortner-boote.com\/index.php?rest_route=\/wp\/v2\/pages\/293\/revisions"}],"predecessor-version":[{"id":840,"href":"https:\/\/www.ortner-boote.com\/index.php?rest_route=\/wp\/v2\/pages\/293\/revisions\/840"}],"wp:attachment":[{"href":"https:\/\/www.ortner-boote.com\/index.php?rest_route=%2Fwp%2Fv2%2Fmedia&parent=293"}],"curies":[{"name":"wp","href":"https:\/\/api.w.org\/{rel}","templated":true}]}}