{"id":59,"date":"2017-10-04T13:17:42","date_gmt":"2017-10-04T11:17:42","guid":{"rendered":"https:\/\/ortnerboote.wordpress.com\/?page_id=59"},"modified":"2020-08-03T13:32:37","modified_gmt":"2020-08-03T13:32:37","slug":"nautique","status":"publish","type":"page","link":"https:\/\/www.ortner-boote.com\/?page_id=59","title":{"rendered":"NAUTIQUE"},"content":{"rendered":"<div id=\"content_parent_box\">\n<div id=\"title_image\"><strong>ORTNER BOOTE GMBH ist seit 1979 offizieller H\u00e4ndler \u00a0f\u00fcr NAUTIQUE und mittlerweile Generalimporteur f\u00fcr \u00d6sterreich, Kroatien und Slowenien.<\/strong><\/div>\n<div><\/div>\n<div>[metaslider id=814]<\/div>\n<div><\/div>\n<div id=\"content_description\">\n<p><img loading=\"lazy\" decoding=\"async\" class=\" wp-image-23 alignleft\" src=\"https:\/\/ortnerboote.files.wordpress.com\/2017\/10\/nautique-image1.jpg\" alt=\"Nautique-image\" width=\"322\" height=\"214\" srcset=\"https:\/\/www.ortner-boote.com\/wp-content\/uploads\/2017\/10\/nautique-image1.jpg 1024w, https:\/\/www.ortner-boote.com\/wp-content\/uploads\/2017\/10\/nautique-image1-300x200.jpg 300w, https:\/\/www.ortner-boote.com\/wp-content\/uploads\/2017\/10\/nautique-image1-768x511.jpg 768w\" sizes=\"auto, (max-width: 322px) 100vw, 322px\" \/><\/p>\n<p style=\"text-align: justify;\">Alle g\u00e4ngigen Modelle k\u00f6nnen in unserem Schaur\u00e4umen besichtigt werden.<br \/>\nOb sie der Passion des Wasserskifahrens fr\u00f6nen, ein Wakesurffreak sind oder ein Familienboot suchen, mit dem Sie all das vereinen k\u00f6nnen, bei ORTNER BOOTE GMBH sind Sie richtig aufgehoben.<\/p>\n<p style=\"text-align: justify;\">Wir beraten Sie gerne, um das f\u00fcr Sie passende Nautique auszuw\u00e4hlen.<br \/>\nGerne schicken wir Ihnen die neuesten Informationen zu, um Sie am Laufenden zu halten.<\/p>\n<p style=\"text-align: justify;\">Nautique ist bekannt f\u00fcr qualitativ hochwertige Produkte, innovative Technologie und au\u00dfergew\u00f6hnliches Kundenservice.<\/p>\n<p><a href=\"http:\/\/ortner-boote.com\/wp-content\/uploads\/2018\/04\/2019_Ski_Nautique_1.jpg\"><img loading=\"lazy\" decoding=\"async\" class=\"alignright wp-image-916 \" src=\"http:\/\/ortner-boote.com\/wp-content\/uploads\/2018\/04\/2019_Ski_Nautique_1.jpg\" alt=\"\" width=\"245\" height=\"163\" srcset=\"https:\/\/www.ortner-boote.com\/wp-content\/uploads\/2018\/04\/2019_Ski_Nautique_1.jpg 4256w, https:\/\/www.ortner-boote.com\/wp-content\/uploads\/2018\/04\/2019_Ski_Nautique_1-300x200.jpg 300w, https:\/\/www.ortner-boote.com\/wp-content\/uploads\/2018\/04\/2019_Ski_Nautique_1-768x511.jpg 768w, https:\/\/www.ortner-boote.com\/wp-content\/uploads\/2018\/04\/2019_Ski_Nautique_1-1024x681.jpg 1024w\" sizes=\"auto, (max-width: 245px) 100vw, 245px\" \/><\/a><\/p>\n<p style=\"text-align: justify;\"><em><strong>Nautique-Boote<\/strong><\/em> unterscheiden sich von anderen Booten durch:<\/p>\n<\/div>\n<div id=\"content_description\">\n<ul>\n<li style=\"text-align: justify;\"><strong>Innovation und st\u00e4ndige Produktentwicklung<br \/>\n<\/strong>Nautique hat das beste Produktentwicklungsteam in der Wassersportindustrie. Die lange Liste von Neuerungen, einschlie\u00dflich des ersten Wakeboard Towers hat die Wassersportindustrie revolutioniert. Heute ist Nautique der gr\u00f6\u00dfte Innovator, was sich in der Einf\u00fchrung des rundherum neuen Ski Nautique 200 manifestiert.<\/li>\n<li style=\"text-align: justify;\"><strong>H\u00f6chste Qualit\u00e4tsprodukte<br \/>\n<\/strong>sind unser Ergebnis. Die Basis ist Qualit\u00e4tsarbeit. Die Arbeitsteams wenden die neuesten Herstellungstechniken an, um sicherzustellen, dass jedes Nautique perfekt gebaut wird.<\/li>\n<li style=\"text-align: justify;\"><strong>Zufriedene Nautique-Eigent\u00fcmer<br \/>\n<\/strong>Nautique hat 7 Jahre lang hintereinander die Kundenzufriedenheitsawards von der J. D. Power and Associates erhalten, was deutlich ihr Commitment in Bezug auf Qualit\u00e4t und Kundenzufriedenheit unter Beweis stellt.<strong><br \/>\n<\/strong><\/li>\n<li style=\"text-align: justify;\"><strong>Un\u00fcbertroffene Verl\u00e4sslichkeit<br \/>\n<\/strong>Nautique\u00a0steht hinter der Qualit\u00e4t seiner Boote wie kein anderer Hersteller in der Welt. Nautique bietet die beste in der Industrie angebotene Garantie \u2013 eine \u00fcbertragbare Herstellerkulanzgarantie.<strong><br \/>\n<\/strong><\/li>\n<li style=\"text-align: justify;\"><strong><strong>Auf den Kunden konzentriert<br \/>\n<\/strong><\/strong>Nautique\u00a0und ORTNER BOOTE GMBH bieten Ihnen ein committed Team, das Sie zufrieden stellen m\u00f6chte. Mit umfassender Beratung beim Bootkauf wie auch bei allen Belangen zum Service und laufenden Betrieb.<img loading=\"lazy\" decoding=\"async\" class=\"alignnone size-full wp-image-737\" src=\"http:\/\/ortner-boote.com\/wp-content\/uploads\/2017\/10\/nautique.jpeg\" alt=\"\" width=\"1120\" height=\"597\" srcset=\"https:\/\/www.ortner-boote.com\/wp-content\/uploads\/2017\/10\/nautique.jpeg 1120w, https:\/\/www.ortner-boote.com\/wp-content\/uploads\/2017\/10\/nautique-300x160.jpeg 300w, https:\/\/www.ortner-boote.com\/wp-content\/uploads\/2017\/10\/nautique-768x409.jpeg 768w, https:\/\/www.ortner-boote.com\/wp-content\/uploads\/2017\/10\/nautique-1024x546.jpeg 1024w\" sizes=\"auto, (max-width: 706px) 89vw, (max-width: 767px) 82vw, 740px\" \/><\/li>\n<\/ul>\n<p><a href=\"http:\/\/designyournautique.com\/?wst_session=e6a673c2-2c05-4223-8bfd-2cf9e72f5f9c&amp;wst_user=3bb864f0-adab-45a3-a387-74f395665b10\"><strong>Hier geht\u00b4s zum Online-Konfigurator\u00a0<span style=\"color: #ff6600;\">\u2192<\/span><\/strong><\/a><\/p>\n<\/div>\n<p><img loading=\"lazy\" decoding=\"async\" class=\"alignnone size-full wp-image-842\" src=\"http:\/\/ortner-boote.com\/wp-content\/uploads\/2017\/10\/bildyours.jpeg\" alt=\"\" width=\"1919\" height=\"970\" srcset=\"https:\/\/www.ortner-boote.com\/wp-content\/uploads\/2017\/10\/bildyours.jpeg 1919w, https:\/\/www.ortner-boote.com\/wp-content\/uploads\/2017\/10\/bildyours-300x152.jpeg 300w, https:\/\/www.ortner-boote.com\/wp-content\/uploads\/2017\/10\/bildyours-768x388.jpeg 768w, https:\/\/www.ortner-boote.com\/wp-content\/uploads\/2017\/10\/bildyours-1024x518.jpeg 1024w\" sizes=\"auto, (max-width: 706px) 89vw, (max-width: 767px) 82vw, 740px\" \/><\/p>\n<div id=\"content_description\">\n<p>Weitere Details zu den einzelnen Modellen finden Sie auf:<\/p>\n<p><a href=\"http:\/\/www.nautique.com\" target=\"_blank\" rel=\"noopener noreferrer\">www.nautique.com<\/a><\/p>\n<p><a href=\"http:\/\/www.nautique.com\" target=\"_blank\" rel=\"noopener noreferrer\"><img loading=\"lazy\" decoding=\"async\" class=\"alignnone wp-image-29\" src=\"https:\/\/ortnerboote.files.wordpress.com\/2017\/10\/cropped-nautique_logo.jpg\" alt=\"cropped-nautique_logo\" width=\"117\" height=\"117\" srcset=\"https:\/\/www.ortner-boote.com\/wp-content\/uploads\/2017\/10\/cropped-nautique_logo.jpg 1200w, https:\/\/www.ortner-boote.com\/wp-content\/uploads\/2017\/10\/cropped-nautique_logo-150x150.jpg 150w, https:\/\/www.ortner-boote.com\/wp-content\/uploads\/2017\/10\/cropped-nautique_logo-300x300.jpg 300w, https:\/\/www.ortner-boote.com\/wp-content\/uploads\/2017\/10\/cropped-nautique_logo-768x767.jpg 768w, https:\/\/www.ortner-boote.com\/wp-content\/uploads\/2017\/10\/cropped-nautique_logo-1024x1024.jpg 1024w, https:\/\/www.ortner-boote.com\/wp-content\/uploads\/2017\/10\/cropped-nautique_logo-100x100.jpg 100w\" sizes=\"auto, (max-width: 117px) 100vw, 117px\" \/><\/a><\/p>\n<p>Wenn Sie Interesse an einem NAUTIQUE haben und ein Angebot ben\u00f6tigten, f\u00fcllen Sie bitte folgendes Kontaktformular aus:<\/p>\n\n<div class=\"wpcf7 no-js\" id=\"wpcf7-f680-o1\" lang=\"de-DE\" dir=\"ltr\">\n<div class=\"screen-reader-response\"><p role=\"status\" aria-live=\"polite\" aria-atomic=\"true\"><\/p> <ul><\/ul><\/div>\n<form action=\"\/index.php?rest_route=%2Fwp%2Fv2%2Fpages%2F59#wpcf7-f680-o1\" method=\"post\" class=\"wpcf7-form init\" aria-label=\"Kontaktformular\" novalidate=\"novalidate\" data-status=\"init\">\n<div style=\"display: none;\">\n<input type=\"hidden\" name=\"_wpcf7\" value=\"680\" \/>\n<input type=\"hidden\" name=\"_wpcf7_version\" value=\"5.9.8\" \/>\n<input type=\"hidden\" name=\"_wpcf7_locale\" value=\"de_DE\" \/>\n<input type=\"hidden\" name=\"_wpcf7_unit_tag\" value=\"wpcf7-f680-o1\" \/>\n<input type=\"hidden\" name=\"_wpcf7_container_post\" value=\"0\" \/>\n<input type=\"hidden\" name=\"_wpcf7_posted_data_hash\" value=\"\" \/>\n<\/div>\n<p><label> Ihr Name (Pflichtfeld)<br \/>\n<span class=\"wpcf7-form-control-wrap\" data-name=\"your-name\"><input size=\"40\" maxlength=\"400\" class=\"wpcf7-form-control wpcf7-text wpcf7-validates-as-required\" aria-required=\"true\" aria-invalid=\"false\" value=\"\" type=\"text\" name=\"your-name\" \/><\/span> <\/label>\n<\/p>\n<p><label> Ihre E-Mail-Adresse (Pflichtfeld)<br \/>\n<span class=\"wpcf7-form-control-wrap\" data-name=\"your-email\"><input size=\"40\" maxlength=\"400\" class=\"wpcf7-form-control wpcf7-email wpcf7-validates-as-required wpcf7-text wpcf7-validates-as-email\" aria-required=\"true\" aria-invalid=\"false\" value=\"\" type=\"email\" name=\"your-email\" \/><\/span> <\/label>\n<\/p>\n<p><label> Betreff<br \/>\n<span class=\"wpcf7-form-control-wrap\" data-name=\"your-subject\"><input size=\"40\" maxlength=\"400\" class=\"wpcf7-form-control wpcf7-text\" aria-invalid=\"false\" value=\"\" type=\"text\" name=\"your-subject\" \/><\/span> <\/label>\n<\/p>\n<p><label> Ihre Nachricht<br \/>\n<span class=\"wpcf7-form-control-wrap\" data-name=\"your-message\"><textarea cols=\"40\" rows=\"10\" maxlength=\"2000\" class=\"wpcf7-form-control wpcf7-textarea\" aria-invalid=\"false\" name=\"your-message\"><\/textarea><\/span> <\/label>\n<\/p>\n<p><input class=\"wpcf7-form-control wpcf7-submit has-spinner\" type=\"submit\" value=\"Senden\" \/>\n<\/p><div class=\"wpcf7-response-output\" aria-hidden=\"true\"><\/div>\n<\/form>\n<\/div>\n\n<\/div>\n<\/div>\n","protected":false},"excerpt":{"rendered":"<p>ORTNER BOOTE GMBH ist seit 1979 offizieller H\u00e4ndler \u00a0f\u00fcr NAUTIQUE und mittlerweile Generalimporteur f\u00fcr \u00d6sterreich, Kroatien und Slowenien. [metaslider id=814] Alle g\u00e4ngigen Modelle k\u00f6nnen in unserem Schaur\u00e4umen besichtigt werden. Ob sie der Passion des Wasserskifahrens fr\u00f6nen, ein Wakesurffreak sind oder ein Familienboot suchen, mit dem Sie all das vereinen k\u00f6nnen, bei ORTNER BOOTE GMBH sind &hellip; <\/p>\n<p class=\"link-more\"><a href=\"https:\/\/www.ortner-boote.com\/?page_id=59\" class=\"more-link\"><span class=\"screen-reader-text\">\u201eNAUTIQUE\u201c<\/span> weiterlesen<\/a><\/p>\n","protected":false},"author":1,"featured_media":133,"parent":6,"menu_order":0,"comment_status":"closed","ping_status":"closed","template":"","meta":{"footnotes":""},"class_list":["post-59","page","type-page","status-publish","has-post-thumbnail","hentry"],"_links":{"self":[{"href":"https:\/\/www.ortner-boote.com\/index.php?rest_route=\/wp\/v2\/pages\/59","targetHints":{"allow":["GET"]}}],"collection":[{"href":"https:\/\/www.ortner-boote.com\/index.php?rest_route=\/wp\/v2\/pages"}],"about":[{"href":"https:\/\/www.ortner-boote.com\/index.php?rest_route=\/wp\/v2\/types\/page"}],"author":[{"embeddable":true,"href":"https:\/\/www.ortner-boote.com\/index.php?rest_route=\/wp\/v2\/users\/1"}],"replies":[{"embeddable":true,"href":"https:\/\/www.ortner-boote.com\/index.php?rest_route=%2Fwp%2Fv2%2Fcomments&post=59"}],"version-history":[{"count":10,"href":"https:\/\/www.ortner-boote.com\/index.php?rest_route=\/wp\/v2\/pages\/59\/revisions"}],"predecessor-version":[{"id":979,"href":"https:\/\/www.ortner-boote.com\/index.php?rest_route=\/wp\/v2\/pages\/59\/revisions\/979"}],"up":[{"embeddable":true,"href":"https:\/\/www.ortner-boote.com\/index.php?rest_route=\/wp\/v2\/pages\/6"}],"wp:featuredmedia":[{"embeddable":true,"href":"https:\/\/www.ortner-boote.com\/index.php?rest_route=\/wp\/v2\/media\/133"}],"wp:attachment":[{"href":"https:\/\/www.ortner-boote.com\/index.php?rest_route=%2Fwp%2Fv2%2Fmedia&parent=59"}],"curies":[{"name":"wp","href":"https:\/\/api.w.org\/{rel}","templated":true}]}}