{"id":6,"date":"2017-10-04T09:57:26","date_gmt":"2017-10-04T07:57:26","guid":{"rendered":"https:\/\/ortnerboote.wordpress.com\/?page_id=3"},"modified":"2017-11-06T09:42:28","modified_gmt":"2017-11-06T09:42:28","slug":"boote","status":"publish","type":"page","link":"https:\/\/www.ortner-boote.com\/?page_id=6","title":{"rendered":"Neuboote"},"content":{"rendered":"<p><img loading=\"lazy\" decoding=\"async\" class=\"alignnone size-large wp-image-735\" src=\"http:\/\/ortner-boote.com\/wp-content\/uploads\/2017\/10\/Logos-1024x255.png\" alt=\"\" width=\"525\" height=\"131\" srcset=\"https:\/\/www.ortner-boote.com\/wp-content\/uploads\/2017\/10\/Logos-1024x255.png 1024w, https:\/\/www.ortner-boote.com\/wp-content\/uploads\/2017\/10\/Logos-300x75.png 300w, https:\/\/www.ortner-boote.com\/wp-content\/uploads\/2017\/10\/Logos-768x191.png 768w, https:\/\/www.ortner-boote.com\/wp-content\/uploads\/2017\/10\/Logos.png 1079w\" sizes=\"auto, (max-width: 525px) 100vw, 525px\" \/><\/p>\n<p style=\"text-align: justify;\"><em><strong>S<\/strong><\/em><em><strong>eit mehr als 30 Jahren <\/strong><\/em>vertreibt\u00a0Ortner Boote Top Bootsmarken\u00a0und ist Generalimporteur f\u00fcr Nautique. Nautique, Chris Craft und\u00a0 Quicksilver werden im Alpen-Adria-Raum, W\u00f6rthersee, Ossiachersee, Millst\u00e4ttersee, Attersee, Mondsee, Wolfgangsee und Neusiedlersee\u00a0\u00a0verkauft und serviciert. Attraktive Gebrauchtboote in s\u00e4mtlichen Preisklassen und Serviceleistungen rund ums Boot garantieren perfektes Urlaubsfeeling. Ortner Boote ist\u00a0 zudem autorisierter Mercruiser Partner. Dar\u00fcber hinaus finden Sie f\u00fcr jedes Boot den passenden Anh\u00e4nger.<\/p>\n<p style=\"text-align: justify;\">Auf mehr als 2.000 m\u00b2 bieten wir Ihnen f\u00fcr das Vergn\u00fcgen am Wasser eine permanente Ausstellung der neuesten Modelle.<\/p>\n<p style=\"text-align: justify;\">In unserem Pro Shop finden Sie jegliches Zubeh\u00f6r f\u00fcr Wasserski, Wakeboard und Stand up Paddling.<\/p>\n<p><strong>Alle Neu und Gebrauchtboote die derzeit bei uns zum Verkauf stehen, erreichen Sie unter folgendem Link:<\/strong><\/p>\n<p><a href=\"http:\/\/ortner-boote.com\/?page_id=8\" target=\"_blank\" rel=\"noopener\"><img loading=\"lazy\" decoding=\"async\" class=\"alignnone size-full wp-image-512\" src=\"https:\/\/ortnerboote.files.wordpress.com\/2017\/10\/neu-gebr.jpeg\" alt=\"Neu-Gebr\" width=\"907\" height=\"134\" \/><\/a><\/p>\n<p>&nbsp;<\/p>\n","protected":false},"excerpt":{"rendered":"<p>Dies ist nur eine Kurzfassung der Seite&nbsp;\u201e\u00dcber\u201c.<\/p>\n","protected":false},"author":1,"featured_media":466,"parent":0,"menu_order":1,"comment_status":"closed","ping_status":"closed","template":"","meta":{"footnotes":""},"class_list":["post-6","page","type-page","status-publish","has-post-thumbnail","hentry"],"_links":{"self":[{"href":"https:\/\/www.ortner-boote.com\/index.php?rest_route=\/wp\/v2\/pages\/6","targetHints":{"allow":["GET"]}}],"collection":[{"href":"https:\/\/www.ortner-boote.com\/index.php?rest_route=\/wp\/v2\/pages"}],"about":[{"href":"https:\/\/www.ortner-boote.com\/index.php?rest_route=\/wp\/v2\/types\/page"}],"author":[{"embeddable":true,"href":"https:\/\/www.ortner-boote.com\/index.php?rest_route=\/wp\/v2\/users\/1"}],"replies":[{"embeddable":true,"href":"https:\/\/www.ortner-boote.com\/index.php?rest_route=%2Fwp%2Fv2%2Fcomments&post=6"}],"version-history":[{"count":4,"href":"https:\/\/www.ortner-boote.com\/index.php?rest_route=\/wp\/v2\/pages\/6\/revisions"}],"predecessor-version":[{"id":736,"href":"https:\/\/www.ortner-boote.com\/index.php?rest_route=\/wp\/v2\/pages\/6\/revisions\/736"}],"wp:featuredmedia":[{"embeddable":true,"href":"https:\/\/www.ortner-boote.com\/index.php?rest_route=\/wp\/v2\/media\/466"}],"wp:attachment":[{"href":"https:\/\/www.ortner-boote.com\/index.php?rest_route=%2Fwp%2Fv2%2Fmedia&parent=6"}],"curies":[{"name":"wp","href":"https:\/\/api.w.org\/{rel}","templated":true}]}}