{"id":617,"date":"2017-10-25T12:51:57","date_gmt":"2017-10-25T12:51:57","guid":{"rendered":"http:\/\/ortner-boote.com\/?page_id=617"},"modified":"2023-12-12T07:13:30","modified_gmt":"2023-12-12T07:13:30","slug":"elektroboote","status":"publish","type":"page","link":"https:\/\/www.ortner-boote.com\/?page_id=617","title":{"rendered":"Ortner-Electric"},"content":{"rendered":"<p>&nbsp;<\/p>\n<p style=\"text-align: justify;\">Seit mehreren Jahren besch\u00e4ftigt sich die Firma Ortner Boote mit dem Umbau von Booten auf Elektroantrieb. Mittlerweile haben wir einige Modelle in Serienproduktion und erobern damit die mitteleurop\u00e4ischen Seen.<\/p>\n<p><img loading=\"lazy\" decoding=\"async\" class=\"alignnone size-full wp-image-741\" src=\"http:\/\/ortner-boote.com\/wp-content\/uploads\/2017\/10\/Elektro_1.jpeg\" alt=\"\" width=\"1157\" height=\"567\" srcset=\"https:\/\/www.ortner-boote.com\/wp-content\/uploads\/2017\/10\/Elektro_1.jpeg 1157w, https:\/\/www.ortner-boote.com\/wp-content\/uploads\/2017\/10\/Elektro_1-300x147.jpeg 300w, https:\/\/www.ortner-boote.com\/wp-content\/uploads\/2017\/10\/Elektro_1-768x376.jpeg 768w, https:\/\/www.ortner-boote.com\/wp-content\/uploads\/2017\/10\/Elektro_1-1024x502.jpeg 1024w\" sizes=\"auto, (max-width: 706px) 89vw, (max-width: 767px) 82vw, 740px\" \/><\/p>\n<p style=\"text-align: justify;\">Wir verbauen ein Antriebssystem von INGENITY Electric, dass keine W\u00fcnsche offen l\u00e4sst. Power und Performance lassen sich hier neu interpretieren!<\/p>\n<h3 style=\"text-align: justify;\"><strong>Die wichtigsten Fakten:<\/strong><\/h3>\n<ul style=\"text-align: justify;\">\n<li>Leistung:\u00a0 \u00a0max.\u00a0<strong>220 kW<\/strong><\/li>\n<li>Geschwindigkeit:\u00a0 max.\u00a0<strong>80 km\/h<\/strong><\/li>\n<li>Batteriekapazit\u00e4t: <strong>100 kWh<\/strong><\/li>\n<li>Ladeleistung: max <strong>22 kW<\/strong><\/li>\n<\/ul>\n<p style=\"text-align: justify;\">Nicht nur beim Fahren l\u00e4sst sich die Leistung sp\u00fcren, auch beim Laden setzen wir neue Meilensteine. INGENITY-Electric hat eigens f\u00fcr dieses Antriebskonzept eine Batterie und das dazugeh\u00f6rige Ladesystem entwickelt. Um es mit den hohen maritimen Anforderungen aufzunehmen, haben wir uns entschieden, die Batterie im eigenen Haus zu fertigen. Dies erm\u00f6glicht es uns au\u00dferdem, f\u00fcr jedes Boot eine individuelle Batterie zu fertigen, die bestm\u00f6gliche Leistung auf minimalem Raum garantiert.<\/p>\n<p><img loading=\"lazy\" decoding=\"async\" class=\"alignnone size-full wp-image-742\" src=\"http:\/\/ortner-boote.com\/wp-content\/uploads\/2017\/10\/Batterie.jpeg\" alt=\"\" width=\"1118\" height=\"615\" srcset=\"https:\/\/www.ortner-boote.com\/wp-content\/uploads\/2017\/10\/Batterie.jpeg 1118w, https:\/\/www.ortner-boote.com\/wp-content\/uploads\/2017\/10\/Batterie-300x165.jpeg 300w, https:\/\/www.ortner-boote.com\/wp-content\/uploads\/2017\/10\/Batterie-768x422.jpeg 768w, https:\/\/www.ortner-boote.com\/wp-content\/uploads\/2017\/10\/Batterie-1024x563.jpeg 1024w\" sizes=\"auto, (max-width: 706px) 89vw, (max-width: 767px) 82vw, 740px\" \/><\/p>\n<p style=\"text-align: justify;\">Ebenso wichtig wie eine hohe Leistung und Kapazit\u00e4t ist die genaue \u00dcberwachung der einzelnen Zellen. Jede Zelle wird auf Ihre Spannung sowie Betriebstemperatur \u00fcberpr\u00fcft. Die ausgekl\u00fcgelte K\u00fchlung gew\u00e4hrt optimale Betriebstemperaturen im Lade- und Fahrmodus. Die Daten werden vom Bordsystem \u00fcberwacht und k\u00f6nnen am neuen\u00a0 12,4&#8243; Bildschirm eingesehen werden. Die folgenden Bilder zeigen die chronologische Entwicklung der \u00dcberwachungssysteme und der Bildschirmeinheit:<\/p>\n<p><img loading=\"lazy\" decoding=\"async\" class=\"alignnone size-medium wp-image-650\" src=\"https:\/\/www.ortner-boote.com\/wp-content\/uploads\/2017\/10\/bildschirm-300x257.jpeg\" alt=\"\" width=\"300\" height=\"257\" srcset=\"https:\/\/www.ortner-boote.com\/wp-content\/uploads\/2017\/10\/bildschirm-300x257.jpeg 300w, https:\/\/www.ortner-boote.com\/wp-content\/uploads\/2017\/10\/bildschirm-768x658.jpeg 768w, https:\/\/www.ortner-boote.com\/wp-content\/uploads\/2017\/10\/bildschirm-1024x878.jpeg 1024w, https:\/\/www.ortner-boote.com\/wp-content\/uploads\/2017\/10\/bildschirm.jpeg 1164w\" sizes=\"auto, (max-width: 300px) 100vw, 300px\" \/><\/p>\n<p style=\"text-align: justify;\">Das Herzst\u00fcck des Elektrobootes ist der <strong>Ingenity-Electric<\/strong>\u00a0<strong>P220<\/strong>. Mit einer Antriebsleistung von bis zu 220 kW ist der Hybrid Synchron Motor \u00e4u\u00dfert leistungsstark und verspricht ein Drehmoment, das den Benzinmotor hinter sich l\u00e4sst. Der Vorteil des Elektromotors ist, dass dieser das Drehmoment schon bei geringen Drehzahlen bereitstellt und somit beste Eigenschaften zum Beschleunigen liefert. Dabei ist er enorm klein und kann bestens in das Boot integriert werden.<\/p>\n<p><img loading=\"lazy\" decoding=\"async\" class=\"alignnone size-full wp-image-744\" src=\"http:\/\/ortner-boote.com\/wp-content\/uploads\/2017\/10\/Motor.jpeg\" alt=\"\" width=\"1078\" height=\"333\" srcset=\"https:\/\/www.ortner-boote.com\/wp-content\/uploads\/2017\/10\/Motor.jpeg 1078w, https:\/\/www.ortner-boote.com\/wp-content\/uploads\/2017\/10\/Motor-300x93.jpeg 300w, https:\/\/www.ortner-boote.com\/wp-content\/uploads\/2017\/10\/Motor-768x237.jpeg 768w, https:\/\/www.ortner-boote.com\/wp-content\/uploads\/2017\/10\/Motor-1024x316.jpeg 1024w\" sizes=\"auto, (max-width: 706px) 89vw, (max-width: 767px) 82vw, 740px\" \/><\/p>\n<h4><strong>Wirtschaftlichkeit<\/strong><\/h4>\n<p style=\"text-align: justify;\">Nicht nur einzigartige Man\u00f6vrierbarkeit und Power sind die Vorteile eines Elektrobootes von Ingenity-Electric. Auch der Preis spielt eine Rolle!<\/p>\n<p>Beispiel: Wenn Sie im Schnitt 100 Betriebsstunden im Jahr fahren, sparen Sie sich auf eine Dauer von 20 Jahren gerechnet im Vergleich zu einem Benzinboot ca.\u00a0 \u20ac<strong><span style=\"color: #008000;\"> 35.000.-<\/span><\/strong><\/p>\n<div class=\"BorlabsCookie _brlbs-cb-youtube\">\n<div class=\"_brlbs-content-blocker\">\n<div class=\"_brlbs-embed _brlbs-video-youtube\"> <img decoding=\"async\" class=\"_brlbs-thumbnail\" src=\"https:\/\/www.ortner-boote.com\/wp-content\/plugins\/borlabs-cookie\/assets\/images\/cb-no-thumbnail.png\" alt=\"YouTube\"> <\/p>\n<div class=\"_brlbs-caption\">\n<p>Mit dem Laden des Videos akzeptieren Sie die Datenschutzerkl\u00e4rung von YouTube.<br \/><a href=\"https:\/\/policies.google.com\/privacy\" target=\"_blank\" rel=\"nofollow noopener noreferrer\">Mehr erfahren<\/a><\/p>\n<p><a class=\"_brlbs-btn _brlbs-icon-play-white\" href=\"#\" data-borlabs-cookie-unblock role=\"button\">Video laden<\/a><\/p>\n<p><label><input type=\"checkbox\" name=\"unblockAll\" value=\"1\" checked> <small>YouTube immer entsperren<\/small><\/label><\/p>\n<\/p><\/div>\n<\/p><\/div>\n<\/p><\/div>\n<div class=\"borlabs-hide\" data-borlabs-cookie-type=\"content-blocker\" data-borlabs-cookie-id=\"youtube\"><script type=\"text\/template\">PGlmcmFtZSB0aXRsZT0iU3VwZXIgQWlyIE5hdXRpcXVlIEdTMjAgRWxlY3RyaWM6IEVpbiBrdXJ6ZXIgQmxpY2siIHdpZHRoPSI1MjUiIGhlaWdodD0iMjk1IiBzcmM9Imh0dHBzOi8vd3d3LnlvdXR1YmUtbm9jb29raWUuY29tL2VtYmVkL3gxbnNVYVZUVzlVP2ZlYXR1cmU9b2VtYmVkIiBmcmFtZWJvcmRlcj0iMCIgYWxsb3c9ImFjY2VsZXJvbWV0ZXI7IGF1dG9wbGF5OyBjbGlwYm9hcmQtd3JpdGU7IGVuY3J5cHRlZC1tZWRpYTsgZ3lyb3Njb3BlOyBwaWN0dXJlLWluLXBpY3R1cmU7IHdlYi1zaGFyZSIgcmVmZXJyZXJwb2xpY3k9InN0cmljdC1vcmlnaW4td2hlbi1jcm9zcy1vcmlnaW4iIGFsbG93ZnVsbHNjcmVlbj48L2lmcmFtZT4=<\/script><\/div>\n<\/div>\n<h4>&#8222;Wer rastet, der rostet!&#8220;<\/h4>\n<p style=\"text-align: justify;\">Darum sind Ingenity-Electric und Ortner-Boote GmbH st\u00e4ndig auf der Suche nach neuen Ideen und Verbesserung der einzelnen Komponenten. Unsere Prototypen sind das ganze Jahr im Einsatz und liefern uns permanent neue Ergebnisse.<\/p>\n<p><img loading=\"lazy\" decoding=\"async\" class=\"alignnone size-medium wp-image-1135\" src=\"https:\/\/www.ortner-boote.com\/wp-content\/uploads\/2023\/12\/prototyp-300x167.jpeg\" alt=\"\" width=\"300\" height=\"167\" srcset=\"https:\/\/www.ortner-boote.com\/wp-content\/uploads\/2023\/12\/prototyp-300x167.jpeg 300w, https:\/\/www.ortner-boote.com\/wp-content\/uploads\/2023\/12\/prototyp-1024x570.jpeg 1024w, https:\/\/www.ortner-boote.com\/wp-content\/uploads\/2023\/12\/prototyp-768x427.jpeg 768w, https:\/\/www.ortner-boote.com\/wp-content\/uploads\/2023\/12\/prototyp-1536x854.jpeg 1536w, https:\/\/www.ortner-boote.com\/wp-content\/uploads\/2023\/12\/prototyp.jpeg 1780w\" sizes=\"auto, (max-width: 300px) 100vw, 300px\" \/><\/p>\n<p>&nbsp;<\/p>\n<h4>Kundenzufriedenheit<\/h4>\n<p>Mittlerweile sind wir auf fast allen Seen in \u00d6sterreich vertreten, sowie in Ungarn, Deutschland und Tschechien und k\u00f6nnen hier auf eine gro\u00dfe Kundenreferenz und Zufriedenheit blicken.<\/p>\n<p>Wir ber\u00fccksichtigen nat\u00fcrlich auch Ihre individuellen W\u00fcnsche im Design und der Ausstattung der Boote!<\/p>\n<p><img loading=\"lazy\" decoding=\"async\" class=\"alignnone size-full wp-image-745\" src=\"http:\/\/ortner-boote.com\/wp-content\/uploads\/2017\/10\/Kunden.jpeg\" alt=\"\" width=\"1117\" height=\"612\" srcset=\"https:\/\/www.ortner-boote.com\/wp-content\/uploads\/2017\/10\/Kunden.jpeg 1117w, https:\/\/www.ortner-boote.com\/wp-content\/uploads\/2017\/10\/Kunden-300x164.jpeg 300w, https:\/\/www.ortner-boote.com\/wp-content\/uploads\/2017\/10\/Kunden-768x421.jpeg 768w, https:\/\/www.ortner-boote.com\/wp-content\/uploads\/2017\/10\/Kunden-1024x561.jpeg 1024w\" sizes=\"auto, (max-width: 706px) 89vw, (max-width: 767px) 82vw, 740px\" \/><\/p>\n<h4>Ergebnisse<\/h4>\n<p style=\"text-align: justify;\">Beim gro\u00dfen YachtRevue &#8211; Elektroboot Langstreckentest 2017\u00a0reichten die erw\u00e4hnten Werte f\u00fcr den ersten Platz und das schnellste Wassersportboot.<\/p>\n<p style=\"text-align: justify;\"><img loading=\"lazy\" decoding=\"async\" class=\"alignnone wp-image-1136\" src=\"https:\/\/www.ortner-boote.com\/wp-content\/uploads\/2023\/12\/yachtrevue-1-300x97.jpeg\" alt=\"\" width=\"353\" height=\"114\" srcset=\"https:\/\/www.ortner-boote.com\/wp-content\/uploads\/2023\/12\/yachtrevue-1-300x97.jpeg 300w, https:\/\/www.ortner-boote.com\/wp-content\/uploads\/2023\/12\/yachtrevue-1-1024x332.jpeg 1024w, https:\/\/www.ortner-boote.com\/wp-content\/uploads\/2023\/12\/yachtrevue-1-768x249.jpeg 768w, https:\/\/www.ortner-boote.com\/wp-content\/uploads\/2023\/12\/yachtrevue-1-1536x498.jpeg 1536w, https:\/\/www.ortner-boote.com\/wp-content\/uploads\/2023\/12\/yachtrevue-1-2000x650.jpeg 2000w, https:\/\/www.ortner-boote.com\/wp-content\/uploads\/2023\/12\/yachtrevue-1.jpeg 2006w\" sizes=\"auto, (max-width: 353px) 100vw, 353px\" \/><br \/>\nDen Bericht k\u00f6nnen Sie sich hier herunter laden:<\/p>\n<p><a href=\"https:\/\/ortnerboote.files.wordpress.com\/2017\/10\/yachterevue.pdf\">Yacht-Revue Elektroboottest 2017<\/a><\/p>\n<p style=\"text-align: justify;\">Somit sind wir weltweit technologisch Spitzenreiter im Bereich E-Mobilit\u00e4t am Wasser.<\/p>\n<p style=\"text-align: justify;\">Wir bauen Ihnen das schnellste Boot f\u00fcr den Wassersport am See.<\/p>\n<p>Wenn Sie interessiert an Informationen oder Angeboten sind, f\u00fcllen Sie bitte das folgende Kontaktformular aus:<\/p>\n\n<div class=\"wpcf7 no-js\" id=\"wpcf7-f680-o1\" lang=\"de-DE\" dir=\"ltr\">\n<div class=\"screen-reader-response\"><p role=\"status\" aria-live=\"polite\" aria-atomic=\"true\"><\/p> <ul><\/ul><\/div>\n<form action=\"\/index.php?rest_route=%2Fwp%2Fv2%2Fpages%2F617#wpcf7-f680-o1\" method=\"post\" class=\"wpcf7-form init\" aria-label=\"Kontaktformular\" novalidate=\"novalidate\" data-status=\"init\">\n<div style=\"display: none;\">\n<input type=\"hidden\" name=\"_wpcf7\" value=\"680\" \/>\n<input type=\"hidden\" name=\"_wpcf7_version\" value=\"5.9.8\" \/>\n<input type=\"hidden\" name=\"_wpcf7_locale\" value=\"de_DE\" \/>\n<input type=\"hidden\" name=\"_wpcf7_unit_tag\" value=\"wpcf7-f680-o1\" \/>\n<input type=\"hidden\" name=\"_wpcf7_container_post\" value=\"0\" \/>\n<input type=\"hidden\" name=\"_wpcf7_posted_data_hash\" value=\"\" \/>\n<\/div>\n<p><label> Ihr Name (Pflichtfeld)<br \/>\n<span class=\"wpcf7-form-control-wrap\" data-name=\"your-name\"><input size=\"40\" maxlength=\"400\" class=\"wpcf7-form-control wpcf7-text wpcf7-validates-as-required\" aria-required=\"true\" aria-invalid=\"false\" value=\"\" type=\"text\" name=\"your-name\" \/><\/span> <\/label>\n<\/p>\n<p><label> Ihre E-Mail-Adresse (Pflichtfeld)<br \/>\n<span class=\"wpcf7-form-control-wrap\" data-name=\"your-email\"><input size=\"40\" maxlength=\"400\" class=\"wpcf7-form-control wpcf7-email wpcf7-validates-as-required wpcf7-text wpcf7-validates-as-email\" aria-required=\"true\" aria-invalid=\"false\" value=\"\" type=\"email\" name=\"your-email\" \/><\/span> <\/label>\n<\/p>\n<p><label> Betreff<br \/>\n<span class=\"wpcf7-form-control-wrap\" data-name=\"your-subject\"><input size=\"40\" maxlength=\"400\" class=\"wpcf7-form-control wpcf7-text\" aria-invalid=\"false\" value=\"\" type=\"text\" name=\"your-subject\" \/><\/span> <\/label>\n<\/p>\n<p><label> Ihre Nachricht<br \/>\n<span class=\"wpcf7-form-control-wrap\" data-name=\"your-message\"><textarea cols=\"40\" rows=\"10\" maxlength=\"2000\" class=\"wpcf7-form-control wpcf7-textarea\" aria-invalid=\"false\" name=\"your-message\"><\/textarea><\/span> <\/label>\n<\/p>\n<p><input class=\"wpcf7-form-control wpcf7-submit has-spinner\" type=\"submit\" value=\"Senden\" \/>\n<\/p><div class=\"wpcf7-response-output\" aria-hidden=\"true\"><\/div>\n<\/form>\n<\/div>\n\n<p style=\"text-align: justify;\">N\u00e4here Informationen finden Sie unter:<br \/>\n<em><strong><a href=\"http:\/\/www.nautique.at\">www.nautique.at<\/a><\/strong><\/em><\/p>\n<p style=\"padding-left: 30px; text-align: justify;\"><a href=\"http:\/\/www.nautique.at\" target=\"_blank\" rel=\"noopener\"><img loading=\"lazy\" decoding=\"async\" class=\"wp-image-29 alignleft\" src=\"https:\/\/ortnerboote.files.wordpress.com\/2017\/10\/cropped-nautique_logo.jpg\" alt=\"cropped-nautique_logo\" width=\"120\" height=\"120\" srcset=\"https:\/\/www.ortner-boote.com\/wp-content\/uploads\/2017\/10\/cropped-nautique_logo.jpg 1200w, https:\/\/www.ortner-boote.com\/wp-content\/uploads\/2017\/10\/cropped-nautique_logo-150x150.jpg 150w, https:\/\/www.ortner-boote.com\/wp-content\/uploads\/2017\/10\/cropped-nautique_logo-300x300.jpg 300w, https:\/\/www.ortner-boote.com\/wp-content\/uploads\/2017\/10\/cropped-nautique_logo-768x767.jpg 768w, https:\/\/www.ortner-boote.com\/wp-content\/uploads\/2017\/10\/cropped-nautique_logo-1024x1024.jpg 1024w, https:\/\/www.ortner-boote.com\/wp-content\/uploads\/2017\/10\/cropped-nautique_logo-100x100.jpg 100w\" sizes=\"auto, (max-width: 120px) 100vw, 120px\" \/><\/a><\/p>\n<p>&nbsp;<\/p>\n","protected":false},"excerpt":{"rendered":"<p>&nbsp; Seit mehreren Jahren besch\u00e4ftigt sich die Firma Ortner Boote mit dem Umbau von Booten auf Elektroantrieb. Mittlerweile haben wir einige Modelle in Serienproduktion und erobern damit die mitteleurop\u00e4ischen Seen. Wir verbauen ein Antriebssystem von INGENITY Electric, dass keine W\u00fcnsche offen l\u00e4sst. Power und Performance lassen sich hier neu interpretieren! Die wichtigsten Fakten: Leistung:\u00a0 \u00a0max.\u00a0220 &hellip; <\/p>\n<p class=\"link-more\"><a href=\"https:\/\/www.ortner-boote.com\/?page_id=617\" class=\"more-link\"><span class=\"screen-reader-text\">\u201eOrtner-Electric\u201c<\/span> weiterlesen<\/a><\/p>\n","protected":false},"author":1,"featured_media":886,"parent":0,"menu_order":0,"comment_status":"closed","ping_status":"closed","template":"","meta":{"footnotes":""},"class_list":["post-617","page","type-page","status-publish","has-post-thumbnail","hentry"],"_links":{"self":[{"href":"https:\/\/www.ortner-boote.com\/index.php?rest_route=\/wp\/v2\/pages\/617","targetHints":{"allow":["GET"]}}],"collection":[{"href":"https:\/\/www.ortner-boote.com\/index.php?rest_route=\/wp\/v2\/pages"}],"about":[{"href":"https:\/\/www.ortner-boote.com\/index.php?rest_route=\/wp\/v2\/types\/page"}],"author":[{"embeddable":true,"href":"https:\/\/www.ortner-boote.com\/index.php?rest_route=\/wp\/v2\/users\/1"}],"replies":[{"embeddable":true,"href":"https:\/\/www.ortner-boote.com\/index.php?rest_route=%2Fwp%2Fv2%2Fcomments&post=617"}],"version-history":[{"count":19,"href":"https:\/\/www.ortner-boote.com\/index.php?rest_route=\/wp\/v2\/pages\/617\/revisions"}],"predecessor-version":[{"id":1143,"href":"https:\/\/www.ortner-boote.com\/index.php?rest_route=\/wp\/v2\/pages\/617\/revisions\/1143"}],"wp:featuredmedia":[{"embeddable":true,"href":"https:\/\/www.ortner-boote.com\/index.php?rest_route=\/wp\/v2\/media\/886"}],"wp:attachment":[{"href":"https:\/\/www.ortner-boote.com\/index.php?rest_route=%2Fwp%2Fv2%2Fmedia&parent=617"}],"curies":[{"name":"wp","href":"https:\/\/api.w.org\/{rel}","templated":true}]}}