{"id":632,"date":"2022-01-31T08:40:00","date_gmt":"2022-01-31T08:40:00","guid":{"rendered":"http:\/\/ortner-boote.com\/?page_id=632"},"modified":"2024-04-16T11:42:27","modified_gmt":"2024-04-16T11:42:27","slug":"home","status":"publish","type":"page","link":"https:\/\/www.ortner-boote.com\/","title":{"rendered":"Home"},"content":{"rendered":"<p>WIR SIND IHR PARTNER F\u00dcR NEU- UND GEBRAUCHTBOOTE, SERVICE, WINTERLAGER UND AUSR\u00dcSTUNG F\u00dcR DEN\u00a0WASSERSPORT!<\/p>\r\n<p style=\"text-align: left;\">\u00a0<\/p>\r\n<p>&nbsp;<\/p>\r\n<p style=\"text-align: center;\">\u00a0<\/p>\r\n<p style=\"text-align: center;\">\u00a0<\/p>\r\n\r\n<p style=\"text-align: center;\">\u00a0<\/p>\r\n","protected":false},"excerpt":{"rendered":"<p>WIR SIND IHR PARTNER F\u00dcR NEU- UND GEBRAUCHTBOOTE, SERVICE, WINTERLAGER UND AUSR\u00dcSTUNG F\u00dcR DEN\u00a0WASSERSPORT! \u00a0 &nbsp; \u00a0 \u00a0 \u00a0<\/p>\n","protected":false},"author":1,"featured_media":0,"parent":0,"menu_order":0,"comment_status":"closed","ping_status":"closed","template":"","meta":{"footnotes":""},"class_list":["post-632","page","type-page","status-publish","hentry"],"_links":{"self":[{"href":"https:\/\/www.ortner-boote.com\/index.php?rest_route=\/wp\/v2\/pages\/632","targetHints":{"allow":["GET"]}}],"collection":[{"href":"https:\/\/www.ortner-boote.com\/index.php?rest_route=\/wp\/v2\/pages"}],"about":[{"href":"https:\/\/www.ortner-boote.com\/index.php?rest_route=\/wp\/v2\/types\/page"}],"author":[{"embeddable":true,"href":"https:\/\/www.ortner-boote.com\/index.php?rest_route=\/wp\/v2\/users\/1"}],"replies":[{"embeddable":true,"href":"https:\/\/www.ortner-boote.com\/index.php?rest_route=%2Fwp%2Fv2%2Fcomments&post=632"}],"version-history":[{"count":36,"href":"https:\/\/www.ortner-boote.com\/index.php?rest_route=\/wp\/v2\/pages\/632\/revisions"}],"predecessor-version":[{"id":1150,"href":"https:\/\/www.ortner-boote.com\/index.php?rest_route=\/wp\/v2\/pages\/632\/revisions\/1150"}],"wp:attachment":[{"href":"https:\/\/www.ortner-boote.com\/index.php?rest_route=%2Fwp%2Fv2%2Fmedia&parent=632"}],"curies":[{"name":"wp","href":"https:\/\/api.w.org\/{rel}","templated":true}]}}