{"id":8,"date":"2017-10-04T09:57:24","date_gmt":"2017-10-04T07:57:24","guid":{"rendered":"https:\/\/ortnerboote.wordpress.com\/?page_id=5"},"modified":"2018-04-12T17:45:19","modified_gmt":"2018-04-12T17:45:19","slug":"blog","status":"publish","type":"page","link":"https:\/\/www.ortner-boote.com\/?page_id=8","title":{"rendered":"Best-Boat 24"},"content":{"rendered":"<p>Alle Boote der unterschiedlichsten Typen und Preiskategorien k\u00f6nnen Sie in unseren Schaur\u00e4umen besichtigen. Wir empfehlen Ihnen, dem Link unten zu folgen. Dort erhalten Sie alle Informationen \u00fcber aktuell verf\u00fcgbare Gebraucht- und Neuboote mit Fotos, Abmessungen, Motorisierung, Ausstattung und vielem mehr.<\/p>\n<p style=\"margin: 0px; padding: 0px 0px 12px 0px; text-align: right;\"><a href=\"http:\/\/www.best-boats24.net\/\" target=\"_blank\" rel=\"noopener\">best-boats24.net<\/a><\/p>\n<div class=\"BorlabsCookie _brlbs-cb-default\"><div class=\"_brlbs-content-blocker\"> <div class=\"_brlbs-default\"> <p>Klicken Sie auf den unteren Button, um den Inhalt von www.best-boats24.net zu laden.<\/p> <p><a class=\"_brlbs-btn\" href=\"#\" data-borlabs-cookie-unblock role=\"button\">Inhalt laden<\/a><\/p> <\/div> <\/div><div class=\"borlabs-hide\" data-borlabs-cookie-type=\"content-blocker\" data-borlabs-cookie-id=\"default\"><script type=\"text\/template\">PHA+PGlmcmFtZSBsb2FkaW5nPSJsYXp5IiBzcmM9Imh0dHA6Ly93d3cuYmVzdC1ib2F0czI0Lm5ldC9oYWVuZGxlci9vcnRuZXIvYm9vdGUucGhwIiB3aWR0aD0iOTAwIiBoZWlnaHQ9IjIwMDAiPjxiciAvPgo8L2lmcmFtZT48L3A+<\/script><\/div><\/div>\n<p><strong>Unsere\u00a0Werkst\u00e4tte\u00a0f\u00fchrt bei allen Gebrauchtbooten eine genaue Inspektion und ein komplettes Service durch. Wir garantieren Ihnen den einwandfrei funktionierenden Zustand Ihres Bootes bei der Abholung.<\/strong><\/p>\n<p>Wir haben Schaur\u00e4ume auf einer Fl\u00e4che von \u00fcber 2000m\u00b2, in denen Sie die Modelle jederzeit besichtigen k\u00f6nnen.<\/p>\n<p><a href=\"http:\/\/ortner-boote.com\/?page_id=924\">boat24<\/a><\/p>\n","protected":false},"excerpt":{"rendered":"<p>Dies ist nur ein kurzer Auszug deines Blogs.<\/p>\n","protected":false},"author":1,"featured_media":0,"parent":0,"menu_order":3,"comment_status":"closed","ping_status":"closed","template":"","meta":{"footnotes":""},"class_list":["post-8","page","type-page","status-publish","hentry"],"_links":{"self":[{"href":"https:\/\/www.ortner-boote.com\/index.php?rest_route=\/wp\/v2\/pages\/8","targetHints":{"allow":["GET"]}}],"collection":[{"href":"https:\/\/www.ortner-boote.com\/index.php?rest_route=\/wp\/v2\/pages"}],"about":[{"href":"https:\/\/www.ortner-boote.com\/index.php?rest_route=\/wp\/v2\/types\/page"}],"author":[{"embeddable":true,"href":"https:\/\/www.ortner-boote.com\/index.php?rest_route=\/wp\/v2\/users\/1"}],"replies":[{"embeddable":true,"href":"https:\/\/www.ortner-boote.com\/index.php?rest_route=%2Fwp%2Fv2%2Fcomments&post=8"}],"version-history":[{"count":10,"href":"https:\/\/www.ortner-boote.com\/index.php?rest_route=\/wp\/v2\/pages\/8\/revisions"}],"predecessor-version":[{"id":934,"href":"https:\/\/www.ortner-boote.com\/index.php?rest_route=\/wp\/v2\/pages\/8\/revisions\/934"}],"wp:attachment":[{"href":"https:\/\/www.ortner-boote.com\/index.php?rest_route=%2Fwp%2Fv2%2Fmedia&parent=8"}],"curies":[{"name":"wp","href":"https:\/\/api.w.org\/{rel}","templated":true}]}}