{"id":924,"date":"2018-04-11T08:15:45","date_gmt":"2018-04-11T08:15:45","guid":{"rendered":"http:\/\/ortner-boote.com\/?page_id=924"},"modified":"2022-12-05T10:29:37","modified_gmt":"2022-12-05T10:29:37","slug":"boat-24","status":"publish","type":"page","link":"https:\/\/www.ortner-boote.com\/?page_id=924","title":{"rendered":"Gebrauchtboote und Neuboote"},"content":{"rendered":"<p align=\"justify\">Alle Boote der unterschiedlichsten Typen und Preiskategorien k\u00f6nnen Sie in unseren Schaur\u00e4umen besichtigen. Wir empfehlen Ihnen, dem Link unten zu folgen. Dort erhalten Sie alle Informationen \u00fcber aktuell verf\u00fcgbare Gebraucht- und Neuboote mit Fotos, Abmessungen, Motorisierung, Ausstattung und vielem mehr.<\/p>\n<div id=\"boatvertizer\" data-token=\"6b2369886a4507092233d0cd09f5c7e0\" data-language=\"de\"><\/div>\n<p> <script src=\"https:\/\/embed.boatvertizer.com\/v1\/loader.js\"><\/script><\/p>\n<p>Wir haben Schaur\u00e4ume auf einer Fl\u00e4che von \u00fcber 2000m\u00b2, in denen Sie die Modelle jederzeit besichtigen k\u00f6nnen.<\/p>\n","protected":false},"excerpt":{"rendered":"<p>Alle Boote der unterschiedlichsten Typen und Preiskategorien k\u00f6nnen Sie in unseren Schaur\u00e4umen besichtigen. Wir empfehlen Ihnen, dem Link unten zu folgen. Dort erhalten Sie alle Informationen \u00fcber aktuell verf\u00fcgbare Gebraucht- und Neuboote mit Fotos, Abmessungen, Motorisierung, Ausstattung und vielem mehr. Wir haben Schaur\u00e4ume auf einer Fl\u00e4che von \u00fcber 2000m\u00b2, in denen Sie die Modelle jederzeit &hellip; <\/p>\n<p class=\"link-more\"><a href=\"https:\/\/www.ortner-boote.com\/?page_id=924\" class=\"more-link\"><span class=\"screen-reader-text\">\u201eGebrauchtboote und Neuboote\u201c<\/span> weiterlesen<\/a><\/p>\n","protected":false},"author":1,"featured_media":0,"parent":0,"menu_order":0,"comment_status":"closed","ping_status":"closed","template":"","meta":{"footnotes":""},"class_list":["post-924","page","type-page","status-publish","hentry"],"_links":{"self":[{"href":"https:\/\/www.ortner-boote.com\/index.php?rest_route=\/wp\/v2\/pages\/924","targetHints":{"allow":["GET"]}}],"collection":[{"href":"https:\/\/www.ortner-boote.com\/index.php?rest_route=\/wp\/v2\/pages"}],"about":[{"href":"https:\/\/www.ortner-boote.com\/index.php?rest_route=\/wp\/v2\/types\/page"}],"author":[{"embeddable":true,"href":"https:\/\/www.ortner-boote.com\/index.php?rest_route=\/wp\/v2\/users\/1"}],"replies":[{"embeddable":true,"href":"https:\/\/www.ortner-boote.com\/index.php?rest_route=%2Fwp%2Fv2%2Fcomments&post=924"}],"version-history":[{"count":13,"href":"https:\/\/www.ortner-boote.com\/index.php?rest_route=\/wp\/v2\/pages\/924\/revisions"}],"predecessor-version":[{"id":1106,"href":"https:\/\/www.ortner-boote.com\/index.php?rest_route=\/wp\/v2\/pages\/924\/revisions\/1106"}],"wp:attachment":[{"href":"https:\/\/www.ortner-boote.com\/index.php?rest_route=%2Fwp%2Fv2%2Fmedia&parent=924"}],"curies":[{"name":"wp","href":"https:\/\/api.w.org\/{rel}","templated":true}]}}